{"id":11,"date":"2022-02-23T11:40:20","date_gmt":"2022-02-23T11:40:20","guid":{"rendered":"http:\/\/dochi.cz\/?page_id=11"},"modified":"2022-02-25T06:50:39","modified_gmt":"2022-02-25T06:50:39","slug":"it","status":"publish","type":"page","link":"http:\/\/dochi.cz\/?page_id=11","title":{"rendered":"IT"},"content":{"rendered":"\n<blockquote class=\"wp-block-quote is-style-default is-layout-flow wp-block-quote-is-layout-flow\"><p>Zab\u00fdv\u00e1m se kompletn\u00edmi slu\u017ebami v IT sektoru. Mohu V\u00e1m pomoci s v\u00fdb\u011brem dom\u00e1c\u00ed v\u00fdpo\u010detn\u00ed techniky, internetu, WiFi s\u00edt\u00ed, ale tak\u00e9 pro V\u00e1s mohu navrhnout a realizovat kompletn\u00ed IT \u0159e\u0161en\u00ed pro Va\u0161i firmu v\u010detn\u011b dod\u00e1n\u00ed, mont\u00e1\u017e\u00ed a za\u0161kolen\u00ed.<\/p><\/blockquote>\n\n\n\n<p><\/p>\n","protected":false},"excerpt":{"rendered":"<p>Zab\u00fdv\u00e1m se kompletn\u00edmi slu\u017ebami v IT sektoru. Mohu V\u00e1m pomoci s v\u00fdb\u011brem dom\u00e1c\u00ed v\u00fdpo\u010detn\u00ed techniky, internetu, WiFi s\u00edt\u00ed, ale tak\u00e9 pro V\u00e1s<\/p>\n<p class=\"link-more\"><a class=\"myButt \" href=\"http:\/\/dochi.cz\/?page_id=11\">Read More<\/a><\/p>\n","protected":false},"author":1,"featured_media":0,"parent":0,"menu_order":0,"comment_status":"closed","ping_status":"closed","template":"","meta":{"footnotes":""},"class_list":["post-11","page","type-page","status-publish","hentry"],"_links":{"self":[{"href":"http:\/\/dochi.cz\/index.php?rest_route=\/wp\/v2\/pages\/11","targetHints":{"allow":["GET"]}}],"collection":[{"href":"http:\/\/dochi.cz\/index.php?rest_route=\/wp\/v2\/pages"}],"about":[{"href":"http:\/\/dochi.cz\/index.php?rest_route=\/wp\/v2\/types\/page"}],"author":[{"embeddable":true,"href":"http:\/\/dochi.cz\/index.php?rest_route=\/wp\/v2\/users\/1"}],"replies":[{"embeddable":true,"href":"http:\/\/dochi.cz\/index.php?rest_route=%2Fwp%2Fv2%2Fcomments&post=11"}],"version-history":[{"count":4,"href":"http:\/\/dochi.cz\/index.php?rest_route=\/wp\/v2\/pages\/11\/revisions"}],"predecessor-version":[{"id":36,"href":"http:\/\/dochi.cz\/index.php?rest_route=\/wp\/v2\/pages\/11\/revisions\/36"}],"wp:attachment":[{"href":"http:\/\/dochi.cz\/index.php?rest_route=%2Fwp%2Fv2%2Fmedia&parent=11"}],"curies":[{"name":"wp","href":"https:\/\/api.w.org\/{rel}","templated":true}]}}