{"id":37,"date":"2022-02-25T06:53:11","date_gmt":"2022-02-25T06:53:11","guid":{"rendered":"http:\/\/dochi.cz\/?page_id=37"},"modified":"2022-02-25T13:39:37","modified_gmt":"2022-02-25T13:39:37","slug":"kamerove-systemy","status":"publish","type":"page","link":"http:\/\/dochi.cz\/?page_id=37","title":{"rendered":"Kamerov\u00e9 syst\u00e9my"},"content":{"rendered":"\n<blockquote class=\"wp-block-quote is-layout-flow wp-block-quote-is-layout-flow\"><p>Zab\u00fdv\u00e1m se n\u00e1vrhy a realizac\u00ed kamerov\u00fdch syst\u00e9m\u016f jak pro rodinn\u00e9 domy, tak pro komer\u010dn\u00ed \u00fa\u010dely.<\/p><\/blockquote>\n\n\n\n<figure class=\"wp-block-image size-large is-resized\"><img loading=\"lazy\" decoding=\"async\" src=\"http:\/\/dochi.cz\/wp-content\/uploads\/2022\/02\/select-system-1-1024x284.jpg\" alt=\"\" class=\"wp-image-42\" width=\"805\" height=\"222\" srcset=\"http:\/\/dochi.cz\/wp-content\/uploads\/2022\/02\/select-system-1-1024x284.jpg 1024w, http:\/\/dochi.cz\/wp-content\/uploads\/2022\/02\/select-system-1-300x83.jpg 300w, http:\/\/dochi.cz\/wp-content\/uploads\/2022\/02\/select-system-1-768x213.jpg 768w\" sizes=\"auto, (max-width: 805px) 100vw, 805px\" \/><\/figure>\n","protected":false},"excerpt":{"rendered":"<p>Zab\u00fdv\u00e1m se n\u00e1vrhy a realizac\u00ed kamerov\u00fdch syst\u00e9m\u016f jak pro rodinn\u00e9 domy, tak pro komer\u010dn\u00ed \u00fa\u010dely.<\/p>\n","protected":false},"author":1,"featured_media":0,"parent":0,"menu_order":0,"comment_status":"closed","ping_status":"closed","template":"","meta":{"footnotes":""},"class_list":["post-37","page","type-page","status-publish","hentry"],"_links":{"self":[{"href":"http:\/\/dochi.cz\/index.php?rest_route=\/wp\/v2\/pages\/37","targetHints":{"allow":["GET"]}}],"collection":[{"href":"http:\/\/dochi.cz\/index.php?rest_route=\/wp\/v2\/pages"}],"about":[{"href":"http:\/\/dochi.cz\/index.php?rest_route=\/wp\/v2\/types\/page"}],"author":[{"embeddable":true,"href":"http:\/\/dochi.cz\/index.php?rest_route=\/wp\/v2\/users\/1"}],"replies":[{"embeddable":true,"href":"http:\/\/dochi.cz\/index.php?rest_route=%2Fwp%2Fv2%2Fcomments&post=37"}],"version-history":[{"count":3,"href":"http:\/\/dochi.cz\/index.php?rest_route=\/wp\/v2\/pages\/37\/revisions"}],"predecessor-version":[{"id":46,"href":"http:\/\/dochi.cz\/index.php?rest_route=\/wp\/v2\/pages\/37\/revisions\/46"}],"wp:attachment":[{"href":"http:\/\/dochi.cz\/index.php?rest_route=%2Fwp%2Fv2%2Fmedia&parent=37"}],"curies":[{"name":"wp","href":"https:\/\/api.w.org\/{rel}","templated":true}]}}