{"id":9,"date":"2022-02-23T11:40:20","date_gmt":"2022-02-23T11:40:20","guid":{"rendered":"http:\/\/dochi.cz\/?page_id=9"},"modified":"2022-02-25T07:04:58","modified_gmt":"2022-02-25T07:04:58","slug":"kontakt","status":"publish","type":"page","link":"http:\/\/dochi.cz\/?page_id=9","title":{"rendered":"Kontakt"},"content":{"rendered":"\n<blockquote class=\"wp-block-quote has-text-align-center has-medium-font-size is-layout-flow wp-block-quote-is-layout-flow\"><p><strong><em>DOCHI &#8211; technical support<\/em><\/strong><\/p><p>Ji\u0159\u00ed Do\u010dekal<\/p><p>Kladensk\u00e1 475<\/p><p>Bu\u0161t\u011bhrad<\/p><p>27343<\/p><p>I\u010c: 71302581<\/p><p>nejsme pl\u00e1tci DPH<\/p><p>tel: +420 777191090<\/p><p>email: info@dochi.cz<\/p><p><\/p><\/blockquote>\n","protected":false},"excerpt":{"rendered":"<p>DOCHI &#8211; technical support Ji\u0159\u00ed Do\u010dekal Kladensk\u00e1 475 Bu\u0161t\u011bhrad 27343 I\u010c: 71302581 nejsme pl\u00e1tci DPH tel: +420 777191090 email: info@dochi.cz<\/p>\n","protected":false},"author":1,"featured_media":0,"parent":0,"menu_order":0,"comment_status":"closed","ping_status":"closed","template":"","meta":{"footnotes":""},"class_list":["post-9","page","type-page","status-publish","hentry"],"_links":{"self":[{"href":"http:\/\/dochi.cz\/index.php?rest_route=\/wp\/v2\/pages\/9","targetHints":{"allow":["GET"]}}],"collection":[{"href":"http:\/\/dochi.cz\/index.php?rest_route=\/wp\/v2\/pages"}],"about":[{"href":"http:\/\/dochi.cz\/index.php?rest_route=\/wp\/v2\/types\/page"}],"author":[{"embeddable":true,"href":"http:\/\/dochi.cz\/index.php?rest_route=\/wp\/v2\/users\/1"}],"replies":[{"embeddable":true,"href":"http:\/\/dochi.cz\/index.php?rest_route=%2Fwp%2Fv2%2Fcomments&post=9"}],"version-history":[{"count":3,"href":"http:\/\/dochi.cz\/index.php?rest_route=\/wp\/v2\/pages\/9\/revisions"}],"predecessor-version":[{"id":45,"href":"http:\/\/dochi.cz\/index.php?rest_route=\/wp\/v2\/pages\/9\/revisions\/45"}],"wp:attachment":[{"href":"http:\/\/dochi.cz\/index.php?rest_route=%2Fwp%2Fv2%2Fmedia&parent=9"}],"curies":[{"name":"wp","href":"https:\/\/api.w.org\/{rel}","templated":true}]}}